{"id":1125,"date":"2020-06-17T14:24:22","date_gmt":"2020-06-17T14:24:22","guid":{"rendered":"http:\/\/www.seimensch.eu\/?page_id=1125"},"modified":"2025-02-26T11:15:54","modified_gmt":"2025-02-26T10:15:54","slug":"sponsoren-und-helfer","status":"publish","type":"page","link":"https:\/\/www.seimensch.eu\/?page_id=1125","title":{"rendered":"Sponsoren und Helfer"},"content":{"rendered":"<h2>#SEIMENSCH | Sponsoren und Helfer<\/h2>\n<h2>Wir bedanken uns bei allen Sponsoren und Helfern!<\/h2>\n<p style=\"text-align: center;\"><strong style=\"color: var( --e-global-color-text );\"><br \/>Inova Concepts SARL<br \/><\/strong><\/p>\n<p style=\"text-align: center;\"><strong style=\"color: var( --e-global-color-text );\"><br \/>Freunde helfen e.V.<br \/><\/strong><\/p>\n<p style=\"text-align: center;\"><strong style=\"color: var( --e-global-color-text );\"><br \/>Sara Djavadi Fotografie<br \/><\/strong><\/p>\n<p style=\"text-align: center;\"><strong style=\"color: var( --e-global-color-text );\"><br \/>Edeka Behrens<br \/><\/strong><\/p>\n<p style=\"text-align: center;\"><strong style=\"color: var( --e-global-color-text );\"><br \/>Volksbank Karlsruhe<br \/><\/strong><\/p>\n<p style=\"text-align: center;\"><strong style=\"color: var( --e-global-color-text );\"><br \/>Rolf Koch GmbH<br \/><\/strong><\/p>\n<p style=\"text-align: center;\"><strong style=\"color: var( --e-global-color-text );\"><br \/>Make up &amp; Hair by Miss Haji<br \/><\/strong><\/p>\n<p style=\"text-align: center;\"><strong style=\"color: var( --e-global-color-text );\"><br \/>Natascha T. Rieth<br \/><\/strong><\/p>\n<p style=\"text-align: center;\"><strong style=\"color: var( --e-global-color-text );\"><br \/>J\u00fcrgen Schurr<br \/><\/strong><\/p>\n<p style=\"text-align: center;\"><strong style=\"color: var( --e-global-color-text );\"><br \/>Pizzeria Napoli Ettlingen<br \/><\/strong><\/p>\n<p style=\"text-align: center;\"><strong style=\"color: var( --e-global-color-text );\"><br \/>Fasanenbrot B\u00e4ckerei Stutensee<br \/><\/strong><\/p>\n<p style=\"text-align: center;\"><strong style=\"color: var( --e-global-color-text );\"><br \/>B\u00e4ckerei &amp; Konditorei Reinmuth<br \/><\/strong><\/p>\n<p style=\"text-align: center;\"><strong style=\"color: var( --e-global-color-text );\"><br \/>Nahkauf Karlsruhe Werderplatz<br \/><\/strong><\/p>\n<p style=\"text-align: center;\"><strong style=\"color: var( --e-global-color-text );\"><br \/>Restaurant Alibaba Karlsruhe<br \/><\/strong><\/p>\n<p style=\"text-align: center;\"><strong style=\"color: var( --e-global-color-text );\"><br \/>Servicedienstleistungen Gastronomie<br \/><\/strong><\/p>\n<p>\t\t\t\t\t\t\t\t\t\t<a href=\"https:\/\/www.inova-concepts.lu\/\"><\/a>Volksbank KarlsruheRolf Koch GmbH<a href=\"https:\/\/www.fasanenbrot.de\" target=\"_blank\">Fasanenbrot B\u00e4ckerei Stutensee<\/a><a href=\"https:\/\/baeckerei-reinmuth.de\/\" target=\"_blank\">B\u00e4ckerei &#038; Konditorei Reinmuth<\/a><a href=\"https:\/\/www.derfotoschamane.de\" target=\"_blank\">J\u00fcrgen Schurr<\/a><a href=\"https:\/\/pizzeria-napoli-karlsruhe-ettlingen.business.site\" target=\"_blank\">Pizzeria Napoli Ettlingen<\/a><a href=\"https:\/\/www.alibaba-ka.de\" target=\"_blank\">Restaurant Alibaba Karlsruhe<\/a><a href=\"https:\/\/www.sd-fotografie.de\" target=\"_blank\">Sara Djavadi Fotografie<\/a><a href=\"https:\/\/www.instagram.com\/misshaji_\/\" target=\"_blank\">Make up &#038; Hair by Miss HajiClick Here<\/a>Nahkauf Karlsruhe WerderplatzClick HereEdeka BehrensClick HereServicedienstleistungen GastronomieClick HereNatascha T. RiethClick Here<br \/>\n\t\t\t\t\t\t\t\t\t\t\t\t\t\tVoriger<br \/>\n\t\t\t\t\t\t\t\t\t\t\t\t\t\tN\u00e4chster<\/p>\n<h2>Unterst\u00fctzung und Hilfe leisten trotz Alltag?!<\/h2>\n<p style=\"text-align: center;\">Wir zeigen Dir, wie Du trotz Corona und Alltag Deinen Beitrag leisten kannst. Jeder Apfel z\u00e4hlt!<\/p>\n<p><strong>Lebensmittel spenden<\/strong><\/p>\n<p>Du kannst uns jederzeit mit Lebensmitteln unterst\u00fctzen. Bring uns die Lebensmittel zu den Ausgaben oder kontaktiere uns, damit die Lebensmittel bzw. Spenden kontaktlos abgeholt werden k\u00f6nnen.<\/p>\n<p><strong>Team unterst\u00fctzen<\/strong><\/p>\n<p>Du m\u00f6chtest dich bei #SEIMENSCH einbringen? Wir ben\u00f6tigen immer Hilfe bei den Lebensmittelausgaben, Auf- und Abbau, Flyer verteilen, Transport von Lebensmitteln und Anderem, Backoffice T\u00e4tigkeiten und vielem mehr. Schreib uns doch einfach an.<\/p>\n<p><strong>#SEIMENSCH Unterst\u00fctzer werden<\/strong><\/p>\n<p>Du m\u00f6chtest einen gr\u00f6\u00dferen Beitrag leisten, wei\u00dft aber nicht wie?<\/p>\n<p>Werde ein offizieller Unterst\u00fctzer und erhalte dein Ansteck-Button!<\/p>\n<p>\t\t\t\t\t<a href=\"http:\/\/www.seimensch.eu\/?page_id=8\"><br \/>\n\t\t\t\t\t\t\t\t\tKontakt aufnehmen<br \/>\n\t\t\t\t\t<\/a><\/p>\n","protected":false},"excerpt":{"rendered":"<p>#SEIMENSCH | Sponsoren und Helfer Wir bedanken uns bei allen Sponsoren und Helfern! Inova Concepts SARL Freunde helfen e.V. Sara Djavadi Fotografie Edeka Behrens Volksbank Karlsruhe Rolf Koch GmbH Make up &amp; Hair by Miss Haji Natascha T. Rieth J\u00fcrgen Schurr Pizzeria Napoli Ettlingen Fasanenbrot B\u00e4ckerei Stutensee B\u00e4ckerei &amp; Konditorei Reinmuth Nahkauf Karlsruhe Werderplatz Restaurant [&hellip;]<\/p>\n","protected":false},"author":1,"featured_media":0,"parent":0,"menu_order":0,"comment_status":"closed","ping_status":"closed","template":"","meta":{"footnotes":""},"class_list":["post-1125","page","type-page","status-publish","hentry"],"_links":{"self":[{"href":"https:\/\/www.seimensch.eu\/index.php?rest_route=\/wp\/v2\/pages\/1125","targetHints":{"allow":["GET"]}}],"collection":[{"href":"https:\/\/www.seimensch.eu\/index.php?rest_route=\/wp\/v2\/pages"}],"about":[{"href":"https:\/\/www.seimensch.eu\/index.php?rest_route=\/wp\/v2\/types\/page"}],"author":[{"embeddable":true,"href":"https:\/\/www.seimensch.eu\/index.php?rest_route=\/wp\/v2\/users\/1"}],"replies":[{"embeddable":true,"href":"https:\/\/www.seimensch.eu\/index.php?rest_route=%2Fwp%2Fv2%2Fcomments&post=1125"}],"version-history":[{"count":58,"href":"https:\/\/www.seimensch.eu\/index.php?rest_route=\/wp\/v2\/pages\/1125\/revisions"}],"predecessor-version":[{"id":2356,"href":"https:\/\/www.seimensch.eu\/index.php?rest_route=\/wp\/v2\/pages\/1125\/revisions\/2356"}],"wp:attachment":[{"href":"https:\/\/www.seimensch.eu\/index.php?rest_route=%2Fwp%2Fv2%2Fmedia&parent=1125"}],"curies":[{"name":"wp","href":"https:\/\/api.w.org\/{rel}","templated":true}]}}